{"id":312,"date":"2024-08-22T10:00:55","date_gmt":"2024-08-22T16:00:55","guid":{"rendered":"http:\/\/cefppslp.org.mx\/?page_id=312"},"modified":"2025-07-08T16:07:55","modified_gmt":"2025-07-08T22:07:55","slug":"licitaciones","status":"publish","type":"page","link":"http:\/\/cefppslp.org.mx\/?page_id=312","title":{"rendered":"Licitaciones"},"content":{"rendered":"\n<p class=\"has-text-align-right\"><strong>08 de Julio de 2025<\/strong><\/p>\n\n\n\n<div data-wp-interactive=\"core\/file\" class=\"wp-block-file\"><object data-wp-bind--hidden=\"!state.hasPdfPreview\" hidden class=\"wp-block-file__embed\" data=\"http:\/\/cefppslp.org.mx\/wp-content\/uploads\/2025\/07\/BASES-ITP-002-VACUNAc.pdf\" type=\"application\/pdf\" style=\"width:100%;height:600px\" aria-label=\"Incrustado de BASES ITP 002 VACUNAc.\"><\/object><a id=\"wp-block-file--media-ca3bf632-e664-4682-a25c-9984976c624a\" href=\"http:\/\/cefppslp.org.mx\/wp-content\/uploads\/2025\/07\/BASES-ITP-002-VACUNAc.pdf\">BASES ITP 002 VACUNAc<\/a><a href=\"http:\/\/cefppslp.org.mx\/wp-content\/uploads\/2025\/07\/BASES-ITP-002-VACUNAc.pdf\" class=\"wp-block-file__button wp-element-button\" download aria-describedby=\"wp-block-file--media-ca3bf632-e664-4682-a25c-9984976c624a\">Descarga<\/a><\/div>\n\n\n\n<p class=\"has-text-align-right\"><strong>24 de Junio de 2025<\/strong><\/p>\n\n\n\n<p>Adquisici\u00f3n de \u201cVacuna Derriengue (virus vivo)\u201d, contra la rabia paralitica bovina\u201d<\/p>\n\n\n\n<div data-wp-interactive=\"core\/file\" class=\"wp-block-file\"><object data-wp-bind--hidden=\"!state.hasPdfPreview\" hidden class=\"wp-block-file__embed\" data=\"http:\/\/cefppslp.org.mx\/wp-content\/uploads\/2025\/06\/Bases-ITP-001-2025-Vacuna.pdf\" type=\"application\/pdf\" style=\"width:100%;height:600px\" aria-label=\"Incrustado de Bases ITP 001 2025 Vacuna.\"><\/object><a id=\"wp-block-file--media-79610ebd-9ad8-428e-b899-e9666b6124bb\" href=\"http:\/\/cefppslp.org.mx\/wp-content\/uploads\/2025\/06\/Bases-ITP-001-2025-Vacuna.pdf\">Bases ITP 001 2025 Vacuna<\/a><a href=\"http:\/\/cefppslp.org.mx\/wp-content\/uploads\/2025\/06\/Bases-ITP-001-2025-Vacuna.pdf\" class=\"wp-block-file__button wp-element-button\" download aria-describedby=\"wp-block-file--media-79610ebd-9ad8-428e-b899-e9666b6124bb\">Descarga<\/a><\/div>\n\n\n\n<p class=\"has-text-align-right\"><strong>05 de Junio de 2025<\/strong><\/p>\n\n\n\n<p>Anexo T\u00e9cnico para la adquisici\u00f3n de la Vacuna Virus Vivo Modificado.<\/p>\n\n\n\n<div data-wp-interactive=\"core\/file\" class=\"wp-block-file\"><object data-wp-bind--hidden=\"!state.hasPdfPreview\" hidden class=\"wp-block-file__embed\" data=\"http:\/\/cefppslp.org.mx\/wp-content\/uploads\/2025\/06\/anexo-tecnico.pdf\" type=\"application\/pdf\" style=\"width:100%;height:600px\" aria-label=\"Incrustado de anexo tecnico.\"><\/object><a id=\"wp-block-file--media-bb9b6eab-dd39-400f-b8b9-03c5939dd036\" href=\"http:\/\/cefppslp.org.mx\/wp-content\/uploads\/2025\/06\/anexo-tecnico.pdf\">anexo tecnico<\/a><a href=\"http:\/\/cefppslp.org.mx\/wp-content\/uploads\/2025\/06\/anexo-tecnico.pdf\" class=\"wp-block-file__button wp-element-button\" download aria-describedby=\"wp-block-file--media-bb9b6eab-dd39-400f-b8b9-03c5939dd036\">Descarga<\/a><\/div>\n\n\n\n<p class=\"has-text-align-right\"><strong>05 de Junio de 2025<\/strong><\/p>\n\n\n\n<p>El Comit\u00e9 Estatal para el Fomento y Protecci\u00f3n Pecuaria de San Luis Potos\u00ed, A.C., emite la siguiente Licitaci\u00f3n P\u00fablica para la contrataci\u00f3n de &#8220;Servicio de diagn\u00f3stico de tuberculosis bovina a cargo de M\u00e9dico Veterinario Responsable Autorizado (MVRA) en Unidades de Producci\u00f3n de Rumiantes&#8221;:<\/p>\n\n\n\n<div data-wp-interactive=\"core\/file\" class=\"wp-block-file\"><object data-wp-bind--hidden=\"!state.hasPdfPreview\" hidden class=\"wp-block-file__embed\" data=\"http:\/\/cefppslp.org.mx\/wp-content\/uploads\/2025\/06\/LP_001-2025_Servicios_Convenidos_SLP-1.pdf\" type=\"application\/pdf\" style=\"width:100%;height:600px\" aria-label=\"Incrustado de LP_001-2025_Servicios_Convenidos_SLP (1).\"><\/object><a id=\"wp-block-file--media-b96725ca-27d5-40ed-8d7d-5e7d5ee91ba7\" href=\"http:\/\/cefppslp.org.mx\/wp-content\/uploads\/2025\/06\/LP_001-2025_Servicios_Convenidos_SLP-1.pdf\">LP_001-2025_Servicios_Convenidos_SLP (1)<\/a><a href=\"http:\/\/cefppslp.org.mx\/wp-content\/uploads\/2025\/06\/LP_001-2025_Servicios_Convenidos_SLP-1.pdf\" class=\"wp-block-file__button wp-element-button\" download aria-describedby=\"wp-block-file--media-b96725ca-27d5-40ed-8d7d-5e7d5ee91ba7\">Descarga<\/a><\/div>\n\n\n\n<p class=\"has-text-align-right\"><strong>22 de Agosto de 2024<\/strong><\/p>\n\n\n\n<p>El Comit\u00e9 Estatal para el Fomento y Protecci\u00f3n Pecuaria de San Luis Potos\u00ed, A.C., emite la siguiente Licitaci\u00f3n P\u00fablica para la adquisici\u00f3n de Vacuna virus vivo, contra la rabia paralitica bovina:<\/p>\n\n\n\n<div data-wp-interactive=\"core\/file\" class=\"wp-block-file\"><object data-wp-bind--hidden=\"!state.hasPdfPreview\" hidden class=\"wp-block-file__embed\" data=\"http:\/\/cefppslp.org.mx\/wp-content\/uploads\/2024\/08\/Licitacion-Vacuna-Rabia.pdf\" type=\"application\/pdf\" style=\"width:100%;height:600px\" aria-label=\"Incrustado de Licitacion Vacuna Rabia.\"><\/object><a id=\"wp-block-file--media-b6a84087-3867-411c-b790-b89d5a47aa22\" href=\"http:\/\/cefppslp.org.mx\/wp-content\/uploads\/2024\/08\/Licitacion-Vacuna-Rabia.pdf\">Licitacion Vacuna Rabia<\/a><a href=\"http:\/\/cefppslp.org.mx\/wp-content\/uploads\/2024\/08\/Licitacion-Vacuna-Rabia.pdf\" class=\"wp-block-file__button wp-element-button\" download aria-describedby=\"wp-block-file--media-b6a84087-3867-411c-b790-b89d5a47aa22\">Descarga<\/a><\/div>\n","protected":false},"excerpt":{"rendered":"<p>08 de Julio de 2025 24 de Junio de 2025 Adquisici\u00f3n de \u201cVacuna Derriengue (virus vivo)\u201d, contra la rabia paralitica [&hellip;]<\/p>\n","protected":false},"author":2,"featured_media":0,"parent":0,"menu_order":0,"comment_status":"closed","ping_status":"closed","template":"","meta":{"site-sidebar-layout":"default","site-content-layout":"","ast-site-content-layout":"default","site-content-style":"default","site-sidebar-style":"default","ast-global-header-display":"","ast-banner-title-visibility":"","ast-main-header-display":"","ast-hfb-above-header-display":"","ast-hfb-below-header-display":"","ast-hfb-mobile-header-display":"","site-post-title":"","ast-breadcrumbs-content":"","ast-featured-img":"","footer-sml-layout":"","ast-disable-related-posts":"","theme-transparent-header-meta":"","adv-header-id-meta":"","stick-header-meta":"","header-above-stick-meta":"","header-main-stick-meta":"","header-below-stick-meta":"","astra-migrate-meta-layouts":"default","ast-page-background-enabled":"default","ast-page-background-meta":{"desktop":{"background-color":"var(--ast-global-color-5)","background-image":"","background-repeat":"repeat","background-position":"center center","background-size":"auto","background-attachment":"scroll","background-type":"","background-media":"","overlay-type":"","overlay-color":"","overlay-opacity":"","overlay-gradient":""},"tablet":{"background-color":"","background-image":"","background-repeat":"repeat","background-position":"center center","background-size":"auto","background-attachment":"scroll","background-type":"","background-media":"","overlay-type":"","overlay-color":"","overlay-opacity":"","overlay-gradient":""},"mobile":{"background-color":"","background-image":"","background-repeat":"repeat","background-position":"center center","background-size":"auto","background-attachment":"scroll","background-type":"","background-media":"","overlay-type":"","overlay-color":"","overlay-opacity":"","overlay-gradient":""}},"ast-content-background-meta":{"desktop":{"background-color":"var(--ast-global-color-4)","background-image":"","background-repeat":"repeat","background-position":"center center","background-size":"auto","background-attachment":"scroll","background-type":"","background-media":"","overlay-type":"","overlay-color":"","overlay-opacity":"","overlay-gradient":""},"tablet":{"background-color":"var(--ast-global-color-4)","background-image":"","background-repeat":"repeat","background-position":"center center","background-size":"auto","background-attachment":"scroll","background-type":"","background-media":"","overlay-type":"","overlay-color":"","overlay-opacity":"","overlay-gradient":""},"mobile":{"background-color":"var(--ast-global-color-4)","background-image":"","background-repeat":"repeat","background-position":"center center","background-size":"auto","background-attachment":"scroll","background-type":"","background-media":"","overlay-type":"","overlay-color":"","overlay-opacity":"","overlay-gradient":""}},"footnotes":""},"class_list":["post-312","page","type-page","status-publish","hentry"],"_links":{"self":[{"href":"http:\/\/cefppslp.org.mx\/index.php?rest_route=\/wp\/v2\/pages\/312","targetHints":{"allow":["GET"]}}],"collection":[{"href":"http:\/\/cefppslp.org.mx\/index.php?rest_route=\/wp\/v2\/pages"}],"about":[{"href":"http:\/\/cefppslp.org.mx\/index.php?rest_route=\/wp\/v2\/types\/page"}],"author":[{"embeddable":true,"href":"http:\/\/cefppslp.org.mx\/index.php?rest_route=\/wp\/v2\/users\/2"}],"replies":[{"embeddable":true,"href":"http:\/\/cefppslp.org.mx\/index.php?rest_route=%2Fwp%2Fv2%2Fcomments&post=312"}],"version-history":[{"count":5,"href":"http:\/\/cefppslp.org.mx\/index.php?rest_route=\/wp\/v2\/pages\/312\/revisions"}],"predecessor-version":[{"id":364,"href":"http:\/\/cefppslp.org.mx\/index.php?rest_route=\/wp\/v2\/pages\/312\/revisions\/364"}],"wp:attachment":[{"href":"http:\/\/cefppslp.org.mx\/index.php?rest_route=%2Fwp%2Fv2%2Fmedia&parent=312"}],"curies":[{"name":"wp","href":"https:\/\/api.w.org\/{rel}","templated":true}]}}